{"id":5017,"date":"2022-11-17T00:51:31","date_gmt":"2022-11-17T00:51:31","guid":{"rendered":"https:\/\/intervento.com\/home\/"},"modified":"2024-03-20T19:58:49","modified_gmt":"2024-03-20T19:58:49","slug":"home","status":"publish","type":"page","link":"https:\/\/intervento.com\/ca\/","title":{"rendered":"Home"},"content":{"rendered":"","protected":false},"excerpt":{"rendered":"","protected":false},"author":1,"featured_media":0,"parent":0,"menu_order":0,"comment_status":"closed","ping_status":"closed","template":"template-home.php","meta":{"footnotes":""},"class_list":["post-5017","page","type-page","status-publish","hentry"],"acf":[],"yoast_head":"<!-- This site is optimized with the Yoast SEO plugin v22.7 - https:\/\/yoast.com\/wordpress\/plugins\/seo\/ -->\n<title>Intervento, museograf\u00eda e iluminaci\u00f3n muse\u00edstica<\/title>\n<meta name=\"description\" content=\"Intervento es creatividad, tecnolog\u00eda y experiencia desde 1993. Somos una empresa experta en museograf\u00eda e iluminaci\u00f3n muse\u00edstica.\" \/>\n<meta name=\"robots\" content=\"index, follow, max-snippet:-1, max-image-preview:large, max-video-preview:-1\" \/>\n<link rel=\"canonical\" href=\"https:\/\/intervento.com\/ca\/home\/\" \/>\n<meta property=\"og:locale\" content=\"ca_ES\" \/>\n<meta property=\"og:type\" content=\"article\" \/>\n<meta property=\"og:title\" content=\"Intervento, museograf\u00eda e iluminaci\u00f3n muse\u00edstica\" \/>\n<meta property=\"og:description\" content=\"Intervento es creatividad, tecnolog\u00eda y experiencia desde 1993. Somos una empresa experta en museograf\u00eda e iluminaci\u00f3n muse\u00edstica.\" \/>\n<meta property=\"og:url\" content=\"https:\/\/intervento.com\/ca\/home\/\" \/>\n<meta property=\"og:site_name\" content=\"Intervento\" \/>\n<meta property=\"article:modified_time\" content=\"2024-03-20T19:58:49+00:00\" \/>\n<meta name=\"twitter:card\" content=\"summary_large_image\" \/>\n<script type=\"application\/ld+json\" class=\"yoast-schema-graph\">{\"@context\":\"https:\/\/schema.org\",\"@graph\":[{\"@type\":\"WebPage\",\"@id\":\"https:\/\/intervento.com\/ca\/home\/\",\"url\":\"https:\/\/intervento.com\/ca\/home\/\",\"name\":\"Intervento, museograf\u00eda e iluminaci\u00f3n muse\u00edstica\",\"isPartOf\":{\"@id\":\"https:\/\/intervento.com\/#website\"},\"datePublished\":\"2022-11-17T00:51:31+00:00\",\"dateModified\":\"2024-03-20T19:58:49+00:00\",\"description\":\"Intervento es creatividad, tecnolog\u00eda y experiencia desde 1993. Somos una empresa experta en museograf\u00eda e iluminaci\u00f3n muse\u00edstica.\",\"inLanguage\":\"ca\",\"potentialAction\":[{\"@type\":\"ReadAction\",\"target\":[\"https:\/\/intervento.com\/ca\/home\/\"]}]},{\"@type\":\"WebSite\",\"@id\":\"https:\/\/intervento.com\/#website\",\"url\":\"https:\/\/intervento.com\/\",\"name\":\"Intervento\",\"description\":\"\",\"potentialAction\":[{\"@type\":\"SearchAction\",\"target\":{\"@type\":\"EntryPoint\",\"urlTemplate\":\"https:\/\/intervento.com\/?s={search_term_string}\"},\"query-input\":\"required name=search_term_string\"}],\"inLanguage\":\"ca\"}]}<\/script>\n<!-- \/ Yoast SEO plugin. -->","yoast_head_json":{"title":"Intervento, museograf\u00eda e iluminaci\u00f3n muse\u00edstica","description":"Intervento es creatividad, tecnolog\u00eda y experiencia desde 1993. Somos una empresa experta en museograf\u00eda e iluminaci\u00f3n muse\u00edstica.","robots":{"index":"index","follow":"follow","max-snippet":"max-snippet:-1","max-image-preview":"max-image-preview:large","max-video-preview":"max-video-preview:-1"},"canonical":"https:\/\/intervento.com\/ca\/home\/","og_locale":"ca_ES","og_type":"article","og_title":"Intervento, museograf\u00eda e iluminaci\u00f3n muse\u00edstica","og_description":"Intervento es creatividad, tecnolog\u00eda y experiencia desde 1993. Somos una empresa experta en museograf\u00eda e iluminaci\u00f3n muse\u00edstica.","og_url":"https:\/\/intervento.com\/ca\/home\/","og_site_name":"Intervento","article_modified_time":"2024-03-20T19:58:49+00:00","twitter_card":"summary_large_image","schema":{"@context":"https:\/\/schema.org","@graph":[{"@type":"WebPage","@id":"https:\/\/intervento.com\/ca\/home\/","url":"https:\/\/intervento.com\/ca\/home\/","name":"Intervento, museograf\u00eda e iluminaci\u00f3n muse\u00edstica","isPartOf":{"@id":"https:\/\/intervento.com\/#website"},"datePublished":"2022-11-17T00:51:31+00:00","dateModified":"2024-03-20T19:58:49+00:00","description":"Intervento es creatividad, tecnolog\u00eda y experiencia desde 1993. Somos una empresa experta en museograf\u00eda e iluminaci\u00f3n muse\u00edstica.","inLanguage":"ca","potentialAction":[{"@type":"ReadAction","target":["https:\/\/intervento.com\/ca\/home\/"]}]},{"@type":"WebSite","@id":"https:\/\/intervento.com\/#website","url":"https:\/\/intervento.com\/","name":"Intervento","description":"","potentialAction":[{"@type":"SearchAction","target":{"@type":"EntryPoint","urlTemplate":"https:\/\/intervento.com\/?s={search_term_string}"},"query-input":"required name=search_term_string"}],"inLanguage":"ca"}]}},"_links":{"self":[{"href":"https:\/\/intervento.com\/ca\/wp-json\/wp\/v2\/pages\/5017","targetHints":{"allow":["GET"]}}],"collection":[{"href":"https:\/\/intervento.com\/ca\/wp-json\/wp\/v2\/pages"}],"about":[{"href":"https:\/\/intervento.com\/ca\/wp-json\/wp\/v2\/types\/page"}],"author":[{"embeddable":true,"href":"https:\/\/intervento.com\/ca\/wp-json\/wp\/v2\/users\/1"}],"replies":[{"embeddable":true,"href":"https:\/\/intervento.com\/ca\/wp-json\/wp\/v2\/comments?post=5017"}],"version-history":[{"count":2,"href":"https:\/\/intervento.com\/ca\/wp-json\/wp\/v2\/pages\/5017\/revisions"}],"predecessor-version":[{"id":5371,"href":"https:\/\/intervento.com\/ca\/wp-json\/wp\/v2\/pages\/5017\/revisions\/5371"}],"wp:attachment":[{"href":"https:\/\/intervento.com\/ca\/wp-json\/wp\/v2\/media?parent=5017"}],"curies":[{"name":"wp","href":"https:\/\/api.w.org\/{rel}","templated":true}]}}