{"id":5052,"date":"2022-11-17T00:54:24","date_gmt":"2022-11-17T00:54:24","guid":{"rendered":"https:\/\/intervento.com\/museografia\/"},"modified":"2024-07-04T17:55:50","modified_gmt":"2024-07-04T17:55:50","slug":"museografia","status":"publish","type":"page","link":"https:\/\/intervento.com\/ca\/museografia\/","title":{"rendered":"Museografia"},"content":{"rendered":"","protected":false},"excerpt":{"rendered":"","protected":false},"author":1,"featured_media":0,"parent":0,"menu_order":0,"comment_status":"closed","ping_status":"closed","template":"template-category.php","meta":{"footnotes":""},"class_list":["post-5052","page","type-page","status-publish","hentry"],"acf":[],"yoast_head":"<!-- This site is optimized with the Yoast SEO plugin v22.7 - https:\/\/yoast.com\/wordpress\/plugins\/seo\/ -->\n<title>Museografia, disseny i producci\u00f3 expositiva | Intervento<\/title>\n<meta name=\"description\" content=\"Conceptualitzem i dissenyem experi\u00e8ncies expositives, incloent-hi la direcci\u00f3 t\u00e8cnica dels projectes museogr\u00e0fics, el disseny i la producci\u00f3.\" \/>\n<meta name=\"robots\" content=\"index, follow, max-snippet:-1, max-image-preview:large, max-video-preview:-1\" \/>\n<link rel=\"canonical\" href=\"https:\/\/intervento.com\/ca\/museografia\/\" \/>\n<meta property=\"og:locale\" content=\"ca_ES\" \/>\n<meta property=\"og:type\" content=\"article\" \/>\n<meta property=\"og:title\" content=\"Museografia, disseny i producci\u00f3 expositiva | Intervento\" \/>\n<meta property=\"og:description\" content=\"Conceptualitzem i dissenyem experi\u00e8ncies expositives, incloent-hi la direcci\u00f3 t\u00e8cnica dels projectes museogr\u00e0fics, el disseny i la producci\u00f3.\" \/>\n<meta property=\"og:url\" content=\"https:\/\/intervento.com\/ca\/museografia\/\" \/>\n<meta property=\"og:site_name\" content=\"Intervento\" \/>\n<meta property=\"article:modified_time\" content=\"2024-07-04T17:55:50+00:00\" \/>\n<meta name=\"twitter:card\" content=\"summary_large_image\" \/>\n<script type=\"application\/ld+json\" class=\"yoast-schema-graph\">{\"@context\":\"https:\/\/schema.org\",\"@graph\":[{\"@type\":\"WebPage\",\"@id\":\"https:\/\/intervento.com\/ca\/museografia\/\",\"url\":\"https:\/\/intervento.com\/ca\/museografia\/\",\"name\":\"Museografia, disseny i producci\u00f3 expositiva | Intervento\",\"isPartOf\":{\"@id\":\"https:\/\/intervento.com\/#website\"},\"datePublished\":\"2022-11-17T00:54:24+00:00\",\"dateModified\":\"2024-07-04T17:55:50+00:00\",\"description\":\"Conceptualitzem i dissenyem experi\u00e8ncies expositives, incloent-hi la direcci\u00f3 t\u00e8cnica dels projectes museogr\u00e0fics, el disseny i la producci\u00f3.\",\"inLanguage\":\"ca\",\"potentialAction\":[{\"@type\":\"ReadAction\",\"target\":[\"https:\/\/intervento.com\/ca\/museografia\/\"]}]},{\"@type\":\"WebSite\",\"@id\":\"https:\/\/intervento.com\/#website\",\"url\":\"https:\/\/intervento.com\/\",\"name\":\"Intervento\",\"description\":\"\",\"potentialAction\":[{\"@type\":\"SearchAction\",\"target\":{\"@type\":\"EntryPoint\",\"urlTemplate\":\"https:\/\/intervento.com\/?s={search_term_string}\"},\"query-input\":\"required name=search_term_string\"}],\"inLanguage\":\"ca\"}]}<\/script>\n<!-- \/ Yoast SEO plugin. -->","yoast_head_json":{"title":"Museografia, disseny i producci\u00f3 expositiva | Intervento","description":"Conceptualitzem i dissenyem experi\u00e8ncies expositives, incloent-hi la direcci\u00f3 t\u00e8cnica dels projectes museogr\u00e0fics, el disseny i la producci\u00f3.","robots":{"index":"index","follow":"follow","max-snippet":"max-snippet:-1","max-image-preview":"max-image-preview:large","max-video-preview":"max-video-preview:-1"},"canonical":"https:\/\/intervento.com\/ca\/museografia\/","og_locale":"ca_ES","og_type":"article","og_title":"Museografia, disseny i producci\u00f3 expositiva | Intervento","og_description":"Conceptualitzem i dissenyem experi\u00e8ncies expositives, incloent-hi la direcci\u00f3 t\u00e8cnica dels projectes museogr\u00e0fics, el disseny i la producci\u00f3.","og_url":"https:\/\/intervento.com\/ca\/museografia\/","og_site_name":"Intervento","article_modified_time":"2024-07-04T17:55:50+00:00","twitter_card":"summary_large_image","schema":{"@context":"https:\/\/schema.org","@graph":[{"@type":"WebPage","@id":"https:\/\/intervento.com\/ca\/museografia\/","url":"https:\/\/intervento.com\/ca\/museografia\/","name":"Museografia, disseny i producci\u00f3 expositiva | Intervento","isPartOf":{"@id":"https:\/\/intervento.com\/#website"},"datePublished":"2022-11-17T00:54:24+00:00","dateModified":"2024-07-04T17:55:50+00:00","description":"Conceptualitzem i dissenyem experi\u00e8ncies expositives, incloent-hi la direcci\u00f3 t\u00e8cnica dels projectes museogr\u00e0fics, el disseny i la producci\u00f3.","inLanguage":"ca","potentialAction":[{"@type":"ReadAction","target":["https:\/\/intervento.com\/ca\/museografia\/"]}]},{"@type":"WebSite","@id":"https:\/\/intervento.com\/#website","url":"https:\/\/intervento.com\/","name":"Intervento","description":"","potentialAction":[{"@type":"SearchAction","target":{"@type":"EntryPoint","urlTemplate":"https:\/\/intervento.com\/?s={search_term_string}"},"query-input":"required name=search_term_string"}],"inLanguage":"ca"}]}},"_links":{"self":[{"href":"https:\/\/intervento.com\/ca\/wp-json\/wp\/v2\/pages\/5052","targetHints":{"allow":["GET"]}}],"collection":[{"href":"https:\/\/intervento.com\/ca\/wp-json\/wp\/v2\/pages"}],"about":[{"href":"https:\/\/intervento.com\/ca\/wp-json\/wp\/v2\/types\/page"}],"author":[{"embeddable":true,"href":"https:\/\/intervento.com\/ca\/wp-json\/wp\/v2\/users\/1"}],"replies":[{"embeddable":true,"href":"https:\/\/intervento.com\/ca\/wp-json\/wp\/v2\/comments?post=5052"}],"version-history":[{"count":3,"href":"https:\/\/intervento.com\/ca\/wp-json\/wp\/v2\/pages\/5052\/revisions"}],"predecessor-version":[{"id":5670,"href":"https:\/\/intervento.com\/ca\/wp-json\/wp\/v2\/pages\/5052\/revisions\/5670"}],"wp:attachment":[{"href":"https:\/\/intervento.com\/ca\/wp-json\/wp\/v2\/media?parent=5052"}],"curies":[{"name":"wp","href":"https:\/\/api.w.org\/{rel}","templated":true}]}}