{"id":5056,"date":"2022-11-17T00:54:40","date_gmt":"2022-11-17T00:54:40","guid":{"rendered":"https:\/\/intervento.com\/audiovisual\/"},"modified":"2023-08-29T12:40:11","modified_gmt":"2023-08-29T12:40:11","slug":"audiovisual","status":"publish","type":"page","link":"https:\/\/intervento.com\/ca\/audiovisual\/","title":{"rendered":"Audiovisual"},"content":{"rendered":"","protected":false},"excerpt":{"rendered":"","protected":false},"author":1,"featured_media":0,"parent":0,"menu_order":0,"comment_status":"closed","ping_status":"closed","template":"template-category.php","meta":{"footnotes":""},"class_list":["post-5056","page","type-page","status-publish","hentry"],"acf":[],"yoast_head":"<!-- This site is optimized with the Yoast SEO plugin v22.7 - https:\/\/yoast.com\/wordpress\/plugins\/seo\/ -->\n<title>Serveis audiovisuals per a museus i exposicions | Intervento<\/title>\n<meta name=\"description\" content=\"Conceptualitzem, dissenyem, produ\u00efm i integrem experi\u00e8ncies audiovisuals immersives i art\u00edstiques. Equip t\u00e8cnic audiovisual propi.\" \/>\n<meta name=\"robots\" content=\"index, follow, max-snippet:-1, max-image-preview:large, max-video-preview:-1\" \/>\n<link rel=\"canonical\" href=\"https:\/\/intervento.com\/ca\/audiovisual\/\" \/>\n<meta property=\"og:locale\" content=\"ca_ES\" \/>\n<meta property=\"og:type\" content=\"article\" \/>\n<meta property=\"og:title\" content=\"Serveis audiovisuals per a museus i exposicions | Intervento\" \/>\n<meta property=\"og:description\" content=\"Conceptualitzem, dissenyem, produ\u00efm i integrem experi\u00e8ncies audiovisuals immersives i art\u00edstiques. Equip t\u00e8cnic audiovisual propi.\" \/>\n<meta property=\"og:url\" content=\"https:\/\/intervento.com\/ca\/audiovisual\/\" \/>\n<meta property=\"og:site_name\" content=\"Intervento\" \/>\n<meta property=\"article:modified_time\" content=\"2023-08-29T12:40:11+00:00\" \/>\n<meta name=\"twitter:card\" content=\"summary_large_image\" \/>\n<script type=\"application\/ld+json\" class=\"yoast-schema-graph\">{\"@context\":\"https:\/\/schema.org\",\"@graph\":[{\"@type\":\"WebPage\",\"@id\":\"https:\/\/intervento.com\/ca\/audiovisual\/\",\"url\":\"https:\/\/intervento.com\/ca\/audiovisual\/\",\"name\":\"Serveis audiovisuals per a museus i exposicions | Intervento\",\"isPartOf\":{\"@id\":\"https:\/\/intervento.com\/#website\"},\"datePublished\":\"2022-11-17T00:54:40+00:00\",\"dateModified\":\"2023-08-29T12:40:11+00:00\",\"description\":\"Conceptualitzem, dissenyem, produ\u00efm i integrem experi\u00e8ncies audiovisuals immersives i art\u00edstiques. Equip t\u00e8cnic audiovisual propi.\",\"inLanguage\":\"ca\",\"potentialAction\":[{\"@type\":\"ReadAction\",\"target\":[\"https:\/\/intervento.com\/ca\/audiovisual\/\"]}]},{\"@type\":\"WebSite\",\"@id\":\"https:\/\/intervento.com\/#website\",\"url\":\"https:\/\/intervento.com\/\",\"name\":\"Intervento\",\"description\":\"\",\"potentialAction\":[{\"@type\":\"SearchAction\",\"target\":{\"@type\":\"EntryPoint\",\"urlTemplate\":\"https:\/\/intervento.com\/?s={search_term_string}\"},\"query-input\":\"required name=search_term_string\"}],\"inLanguage\":\"ca\"}]}<\/script>\n<!-- \/ Yoast SEO plugin. -->","yoast_head_json":{"title":"Serveis audiovisuals per a museus i exposicions | Intervento","description":"Conceptualitzem, dissenyem, produ\u00efm i integrem experi\u00e8ncies audiovisuals immersives i art\u00edstiques. Equip t\u00e8cnic audiovisual propi.","robots":{"index":"index","follow":"follow","max-snippet":"max-snippet:-1","max-image-preview":"max-image-preview:large","max-video-preview":"max-video-preview:-1"},"canonical":"https:\/\/intervento.com\/ca\/audiovisual\/","og_locale":"ca_ES","og_type":"article","og_title":"Serveis audiovisuals per a museus i exposicions | Intervento","og_description":"Conceptualitzem, dissenyem, produ\u00efm i integrem experi\u00e8ncies audiovisuals immersives i art\u00edstiques. Equip t\u00e8cnic audiovisual propi.","og_url":"https:\/\/intervento.com\/ca\/audiovisual\/","og_site_name":"Intervento","article_modified_time":"2023-08-29T12:40:11+00:00","twitter_card":"summary_large_image","schema":{"@context":"https:\/\/schema.org","@graph":[{"@type":"WebPage","@id":"https:\/\/intervento.com\/ca\/audiovisual\/","url":"https:\/\/intervento.com\/ca\/audiovisual\/","name":"Serveis audiovisuals per a museus i exposicions | Intervento","isPartOf":{"@id":"https:\/\/intervento.com\/#website"},"datePublished":"2022-11-17T00:54:40+00:00","dateModified":"2023-08-29T12:40:11+00:00","description":"Conceptualitzem, dissenyem, produ\u00efm i integrem experi\u00e8ncies audiovisuals immersives i art\u00edstiques. Equip t\u00e8cnic audiovisual propi.","inLanguage":"ca","potentialAction":[{"@type":"ReadAction","target":["https:\/\/intervento.com\/ca\/audiovisual\/"]}]},{"@type":"WebSite","@id":"https:\/\/intervento.com\/#website","url":"https:\/\/intervento.com\/","name":"Intervento","description":"","potentialAction":[{"@type":"SearchAction","target":{"@type":"EntryPoint","urlTemplate":"https:\/\/intervento.com\/?s={search_term_string}"},"query-input":"required name=search_term_string"}],"inLanguage":"ca"}]}},"_links":{"self":[{"href":"https:\/\/intervento.com\/ca\/wp-json\/wp\/v2\/pages\/5056","targetHints":{"allow":["GET"]}}],"collection":[{"href":"https:\/\/intervento.com\/ca\/wp-json\/wp\/v2\/pages"}],"about":[{"href":"https:\/\/intervento.com\/ca\/wp-json\/wp\/v2\/types\/page"}],"author":[{"embeddable":true,"href":"https:\/\/intervento.com\/ca\/wp-json\/wp\/v2\/users\/1"}],"replies":[{"embeddable":true,"href":"https:\/\/intervento.com\/ca\/wp-json\/wp\/v2\/comments?post=5056"}],"version-history":[{"count":4,"href":"https:\/\/intervento.com\/ca\/wp-json\/wp\/v2\/pages\/5056\/revisions"}],"predecessor-version":[{"id":5389,"href":"https:\/\/intervento.com\/ca\/wp-json\/wp\/v2\/pages\/5056\/revisions\/5389"}],"wp:attachment":[{"href":"https:\/\/intervento.com\/ca\/wp-json\/wp\/v2\/media?parent=5056"}],"curies":[{"name":"wp","href":"https:\/\/api.w.org\/{rel}","templated":true}]}}