{"id":5524,"date":"2024-01-16T20:17:03","date_gmt":"2024-01-16T20:17:03","guid":{"rendered":"https:\/\/intervento.com\/canal-de-denuncies\/"},"modified":"2024-01-17T09:45:53","modified_gmt":"2024-01-17T09:45:53","slug":"canal-de-denuncies","status":"publish","type":"page","link":"https:\/\/intervento.com\/ca\/canal-de-denuncies\/","title":{"rendered":"Canal de Den\u00fancies"},"content":{"rendered":"<p><a class=\"btn btn-primary\" style=\"font-size: 16px;\" href=\"http:\/\/centinela.lefebvre.es\/public\/concept\/1933810?access=%2f0tUdwfM3np0IOKER3p5LcE5N%2fHDdaUXJDjEeJmtXMc%3d\" target=\"_blank\" rel=\"noopener\">Accedir al canal<\/a><\/p>\n<p>&nbsp;<\/p>\n<p>A trav\u00e9s d&#8217;aquest canal podr\u00e0 comunicar irregularitats o incompliments de normatives internes o externes en mat\u00e8ries que afectin Intervento2 S.L, els seus Professionals o les seves activitats.<\/p>\n<p>Aquest sistema est\u00e0 dissenyat, establert i gestionat de forma segura per garantir la confidencialitat de la identitat de l&#8217;informant i de qualsevol altra persona esmentada a la comunicaci\u00f3, i de les actuacions que es desenvolupin en la gesti\u00f3 i tramitaci\u00f3 de la mateixa, aix\u00ed com la protecci\u00f3 dades, impedint l&#8217;acc\u00e9s de personal no autoritzat.<\/p>\n<p>Aix\u00ed mateix, el sistema permet que la comunicaci\u00f3 es faci de forma an\u00f2nima.<\/p>\n<p>Intervento2 S.L. no permetr\u00e0 que s&#8217;adopti cap tipus de repres\u00e0lia contra els informants de bona fe que comuniquin a trav\u00e9s d&#8217;aquest canal fets que puguin ser incompliments normatius dels seus professionals d&#8217;acord amb all\u00f2 establert a la legislaci\u00f3 vigent.<\/p>\n<p>&nbsp;<\/p>\n<p>Tamb\u00e9 podeu accedir-hi escanejant el codi QR seg\u00fcent des del dispositiu m\u00f2bil.<\/p>\n<p><img loading=\"lazy\" decoding=\"async\" class=\"alignnone wp-image-5515\" src=\"https:\/\/intervento.com\/wp-content\/uploads\/2024\/01\/QR-Canal-Denuncias.png\" alt=\"\" width=\"182\" height=\"182\" srcset=\"https:\/\/intervento.com\/wp-content\/uploads\/2024\/01\/QR-Canal-Denuncias.png 294w, https:\/\/intervento.com\/wp-content\/uploads\/2024\/01\/QR-Canal-Denuncias-150x150.png 150w\" sizes=\"auto, (max-width: 182px) 100vw, 182px\" \/><\/p>\n","protected":false},"excerpt":{"rendered":"<p>Accedir al canal &nbsp; A trav\u00e9s d&#8217;aquest canal podr\u00e0 comunicar irregularitats o incompliments de normatives internes o externes en mat\u00e8ries que afectin Intervento2 S.L, els seus Professionals o les seves activitats. Aquest sistema est\u00e0 dissenyat, establert i gestionat de forma segura per garantir la confidencialitat de la identitat de l&#8217;informant i de qualsevol altra persona [&hellip;]<\/p>\n","protected":false},"author":14,"featured_media":0,"parent":0,"menu_order":0,"comment_status":"closed","ping_status":"closed","template":"","meta":{"footnotes":""},"class_list":["post-5524","page","type-page","status-publish","hentry"],"acf":[],"yoast_head":"<!-- This site is optimized with the Yoast SEO plugin v22.7 - https:\/\/yoast.com\/wordpress\/plugins\/seo\/ -->\n<title>Canal de Den\u00fancies - Intervento<\/title>\n<meta name=\"robots\" content=\"index, follow, max-snippet:-1, max-image-preview:large, max-video-preview:-1\" \/>\n<link rel=\"canonical\" href=\"https:\/\/intervento.com\/ca\/canal-de-denuncies\/\" \/>\n<meta property=\"og:locale\" content=\"ca_ES\" \/>\n<meta property=\"og:type\" content=\"article\" \/>\n<meta property=\"og:title\" content=\"Canal de Den\u00fancies - Intervento\" \/>\n<meta property=\"og:description\" content=\"Accedir al canal &nbsp; A trav\u00e9s d&#8217;aquest canal podr\u00e0 comunicar irregularitats o incompliments de normatives internes o externes en mat\u00e8ries que afectin Intervento2 S.L, els seus Professionals o les seves activitats. Aquest sistema est\u00e0 dissenyat, establert i gestionat de forma segura per garantir la confidencialitat de la identitat de l&#8217;informant i de qualsevol altra persona [&hellip;]\" \/>\n<meta property=\"og:url\" content=\"https:\/\/intervento.com\/ca\/canal-de-denuncies\/\" \/>\n<meta property=\"og:site_name\" content=\"Intervento\" \/>\n<meta property=\"article:modified_time\" content=\"2024-01-17T09:45:53+00:00\" \/>\n<meta property=\"og:image\" content=\"https:\/\/intervento.com\/wp-content\/uploads\/2024\/01\/QR-Canal-Denuncias.png\" \/>\n<meta name=\"twitter:card\" content=\"summary_large_image\" \/>\n<meta name=\"twitter:label1\" content=\"Temps estimat de lectura\" \/>\n\t<meta name=\"twitter:data1\" content=\"1 minut\" \/>\n<script type=\"application\/ld+json\" class=\"yoast-schema-graph\">{\"@context\":\"https:\/\/schema.org\",\"@graph\":[{\"@type\":\"WebPage\",\"@id\":\"https:\/\/intervento.com\/ca\/canal-de-denuncies\/\",\"url\":\"https:\/\/intervento.com\/ca\/canal-de-denuncies\/\",\"name\":\"Canal de Den\u00fancies - Intervento\",\"isPartOf\":{\"@id\":\"https:\/\/intervento.com\/#website\"},\"primaryImageOfPage\":{\"@id\":\"https:\/\/intervento.com\/ca\/canal-de-denuncies\/#primaryimage\"},\"image\":{\"@id\":\"https:\/\/intervento.com\/ca\/canal-de-denuncies\/#primaryimage\"},\"thumbnailUrl\":\"https:\/\/intervento.com\/wp-content\/uploads\/2024\/01\/QR-Canal-Denuncias.png\",\"datePublished\":\"2024-01-16T20:17:03+00:00\",\"dateModified\":\"2024-01-17T09:45:53+00:00\",\"inLanguage\":\"ca\",\"potentialAction\":[{\"@type\":\"ReadAction\",\"target\":[\"https:\/\/intervento.com\/ca\/canal-de-denuncies\/\"]}]},{\"@type\":\"ImageObject\",\"inLanguage\":\"ca\",\"@id\":\"https:\/\/intervento.com\/ca\/canal-de-denuncies\/#primaryimage\",\"url\":\"https:\/\/intervento.com\/wp-content\/uploads\/2024\/01\/QR-Canal-Denuncias.png\",\"contentUrl\":\"https:\/\/intervento.com\/wp-content\/uploads\/2024\/01\/QR-Canal-Denuncias.png\"},{\"@type\":\"WebSite\",\"@id\":\"https:\/\/intervento.com\/#website\",\"url\":\"https:\/\/intervento.com\/\",\"name\":\"Intervento\",\"description\":\"\",\"potentialAction\":[{\"@type\":\"SearchAction\",\"target\":{\"@type\":\"EntryPoint\",\"urlTemplate\":\"https:\/\/intervento.com\/?s={search_term_string}\"},\"query-input\":\"required name=search_term_string\"}],\"inLanguage\":\"ca\"}]}<\/script>\n<!-- \/ Yoast SEO plugin. -->","yoast_head_json":{"title":"Canal de Den\u00fancies - Intervento","robots":{"index":"index","follow":"follow","max-snippet":"max-snippet:-1","max-image-preview":"max-image-preview:large","max-video-preview":"max-video-preview:-1"},"canonical":"https:\/\/intervento.com\/ca\/canal-de-denuncies\/","og_locale":"ca_ES","og_type":"article","og_title":"Canal de Den\u00fancies - Intervento","og_description":"Accedir al canal &nbsp; A trav\u00e9s d&#8217;aquest canal podr\u00e0 comunicar irregularitats o incompliments de normatives internes o externes en mat\u00e8ries que afectin Intervento2 S.L, els seus Professionals o les seves activitats. Aquest sistema est\u00e0 dissenyat, establert i gestionat de forma segura per garantir la confidencialitat de la identitat de l&#8217;informant i de qualsevol altra persona [&hellip;]","og_url":"https:\/\/intervento.com\/ca\/canal-de-denuncies\/","og_site_name":"Intervento","article_modified_time":"2024-01-17T09:45:53+00:00","og_image":[{"url":"https:\/\/intervento.com\/wp-content\/uploads\/2024\/01\/QR-Canal-Denuncias.png"}],"twitter_card":"summary_large_image","twitter_misc":{"Temps estimat de lectura":"1 minut"},"schema":{"@context":"https:\/\/schema.org","@graph":[{"@type":"WebPage","@id":"https:\/\/intervento.com\/ca\/canal-de-denuncies\/","url":"https:\/\/intervento.com\/ca\/canal-de-denuncies\/","name":"Canal de Den\u00fancies - Intervento","isPartOf":{"@id":"https:\/\/intervento.com\/#website"},"primaryImageOfPage":{"@id":"https:\/\/intervento.com\/ca\/canal-de-denuncies\/#primaryimage"},"image":{"@id":"https:\/\/intervento.com\/ca\/canal-de-denuncies\/#primaryimage"},"thumbnailUrl":"https:\/\/intervento.com\/wp-content\/uploads\/2024\/01\/QR-Canal-Denuncias.png","datePublished":"2024-01-16T20:17:03+00:00","dateModified":"2024-01-17T09:45:53+00:00","inLanguage":"ca","potentialAction":[{"@type":"ReadAction","target":["https:\/\/intervento.com\/ca\/canal-de-denuncies\/"]}]},{"@type":"ImageObject","inLanguage":"ca","@id":"https:\/\/intervento.com\/ca\/canal-de-denuncies\/#primaryimage","url":"https:\/\/intervento.com\/wp-content\/uploads\/2024\/01\/QR-Canal-Denuncias.png","contentUrl":"https:\/\/intervento.com\/wp-content\/uploads\/2024\/01\/QR-Canal-Denuncias.png"},{"@type":"WebSite","@id":"https:\/\/intervento.com\/#website","url":"https:\/\/intervento.com\/","name":"Intervento","description":"","potentialAction":[{"@type":"SearchAction","target":{"@type":"EntryPoint","urlTemplate":"https:\/\/intervento.com\/?s={search_term_string}"},"query-input":"required name=search_term_string"}],"inLanguage":"ca"}]}},"_links":{"self":[{"href":"https:\/\/intervento.com\/ca\/wp-json\/wp\/v2\/pages\/5524","targetHints":{"allow":["GET"]}}],"collection":[{"href":"https:\/\/intervento.com\/ca\/wp-json\/wp\/v2\/pages"}],"about":[{"href":"https:\/\/intervento.com\/ca\/wp-json\/wp\/v2\/types\/page"}],"author":[{"embeddable":true,"href":"https:\/\/intervento.com\/ca\/wp-json\/wp\/v2\/users\/14"}],"replies":[{"embeddable":true,"href":"https:\/\/intervento.com\/ca\/wp-json\/wp\/v2\/comments?post=5524"}],"version-history":[{"count":1,"href":"https:\/\/intervento.com\/ca\/wp-json\/wp\/v2\/pages\/5524\/revisions"}],"predecessor-version":[{"id":5525,"href":"https:\/\/intervento.com\/ca\/wp-json\/wp\/v2\/pages\/5524\/revisions\/5525"}],"wp:attachment":[{"href":"https:\/\/intervento.com\/ca\/wp-json\/wp\/v2\/media?parent=5524"}],"curies":[{"name":"wp","href":"https:\/\/api.w.org\/{rel}","templated":true}]}}